{"id":488,"date":"2022-01-16T18:12:40","date_gmt":"2022-01-16T18:12:40","guid":{"rendered":"http:\/\/cooperativacercles.org\/?page_id=488"},"modified":"2022-01-25T19:32:05","modified_gmt":"2022-01-25T19:32:05","slug":"som-als-cicles-formatius","status":"publish","type":"page","link":"http:\/\/cooperativacercles.org\/index.php\/som-als-cicles-formatius","title":{"rendered":"Som als cicles formatius"},"content":{"rendered":"\n<p>Som als cicles formatius\u00a0contribuint\u00a0a la construcci\u00f3 d&#8217;una nova manera de veure els nous professionals m\u00e9s competents, m\u00e9s preparats  en\u00a0un mercat\u00a0cada vegada  m\u00e9s necessitat d&#8217;especialitzaci\u00f3 ben formada.<\/p>\n\n\n\n<p>Una oportunitat per fer una professi\u00f3 a Irlanda<\/p>\n\n\n\n<p><a href=\"https:\/\/drive.google.com\/file\/d\/1lmo2A1hROzmzDu-sCxTCZVNE4v6v1Sx0\/view?usp=sharing\">Cicles BRIT<\/a><\/p>\n\n\n\n<p>Una oportunitat per pendre un respir i centrar les idees<\/p>\n\n\n\n<p><\/p>\n\n\n\n<p><a href=\"https:\/\/www.metbarcelona.com\/ca\/programes\/internship-gap-year-ca\/\">MEET GAP YEAR<\/a><\/p>\n\n\n\n<p><\/p>\n\n\n\n<p><\/p>\n","protected":false},"excerpt":{"rendered":"<p>Som als cicles formatius\u00a0contribuint\u00a0a la construcci\u00f3 d&#8217;una nova manera de veure els nous professionals m\u00e9s competents, m\u00e9s preparats en\u00a0un mercat\u00a0cada &hellip; <\/p>\n","protected":false},"author":1,"featured_media":0,"parent":0,"menu_order":0,"comment_status":"closed","ping_status":"closed","template":"","meta":[],"_links":{"self":[{"href":"http:\/\/cooperativacercles.org\/index.php\/wp-json\/wp\/v2\/pages\/488"}],"collection":[{"href":"http:\/\/cooperativacercles.org\/index.php\/wp-json\/wp\/v2\/pages"}],"about":[{"href":"http:\/\/cooperativacercles.org\/index.php\/wp-json\/wp\/v2\/types\/page"}],"author":[{"embeddable":true,"href":"http:\/\/cooperativacercles.org\/index.php\/wp-json\/wp\/v2\/users\/1"}],"replies":[{"embeddable":true,"href":"http:\/\/cooperativacercles.org\/index.php\/wp-json\/wp\/v2\/comments?post=488"}],"version-history":[{"count":2,"href":"http:\/\/cooperativacercles.org\/index.php\/wp-json\/wp\/v2\/pages\/488\/revisions"}],"predecessor-version":[{"id":609,"href":"http:\/\/cooperativacercles.org\/index.php\/wp-json\/wp\/v2\/pages\/488\/revisions\/609"}],"wp:attachment":[{"href":"http:\/\/cooperativacercles.org\/index.php\/wp-json\/wp\/v2\/media?parent=488"}],"curies":[{"name":"wp","href":"https:\/\/api.w.org\/{rel}","templated":true}]}}