{"id":482,"date":"2022-01-16T18:02:18","date_gmt":"2022-01-16T18:02:18","guid":{"rendered":"http:\/\/cooperativacercles.org\/?page_id=482"},"modified":"2022-01-25T22:13:13","modified_gmt":"2022-01-25T22:13:13","slug":"som-a-lescola","status":"publish","type":"page","link":"http:\/\/cooperativacercles.org\/index.php\/som-a-lescola","title":{"rendered":"Som a l&#8217;escola"},"content":{"rendered":"\n<p>Som  a l&#8217;escola amb projectes dirigits a la comunitat educativa per  contruir amb el professorat i el pares i mares l&#8217;escola de qualitat que necessitem.<\/p>\n\n\n\n<p>Alguns exemples: <\/p>\n\n\n\n<p class=\"has-text-align-center\">Projecte d&#8217;internacionalitzaci\u00f3 i aprenentage d&#8217;angl\u00e8s: <\/p>\n\n\n\n<p><a href=\"http:\/\/www.globalenglishtrack.org\" data-type=\"URL\" data-id=\"www.globalenglishtrack.org\">GET (Global English Track)<\/a><\/p>\n\n\n\n<figure class=\"wp-block-image size-large\"><img loading=\"lazy\" width=\"234\" height=\"114\" src=\"http:\/\/cooperativacercles.org\/wp-content\/uploads\/2022\/01\/logo-GET.png\" alt=\"\" class=\"wp-image-596\"\/><\/figure>\n\n\n\n<p class=\"has-text-align-center\"><strong>Projectes solidari amb G\u00e0mbia:<\/strong><\/p>\n\n\n\n<p><a href=\"https:\/\/www.facebook.com\/miradaobertaramonllull\/\">Mirada Oberta <\/a><\/p>\n\n\n\n<figure class=\"wp-block-image size-large\"><img loading=\"lazy\" width=\"359\" height=\"506\" src=\"http:\/\/cooperativacercles.org\/wp-content\/uploads\/2022\/01\/mirada-oberta.png\" alt=\"\" class=\"wp-image-598\" srcset=\"http:\/\/cooperativacercles.org\/wp-content\/uploads\/2022\/01\/mirada-oberta.png 359w, http:\/\/cooperativacercles.org\/wp-content\/uploads\/2022\/01\/mirada-oberta-213x300.png 213w\" sizes=\"(max-width: 359px) 100vw, 359px\" \/><\/figure>\n\n\n\n<p class=\"has-text-align-center\"><strong>Projecte d&#8217;inclusi\u00f3 a trav\u00e9s de la m\u00fasica<\/strong><\/p>\n\n\n\n<p><a href=\"https:\/\/www.vozes.org\/\">VOZES<\/a><\/p>\n\n\n\n<figure class=\"wp-block-image size-large\"><img loading=\"lazy\" width=\"630\" height=\"404\" src=\"http:\/\/cooperativacercles.org\/wp-content\/uploads\/2022\/01\/VOZES_630.jpg\" alt=\"\" class=\"wp-image-599\" srcset=\"http:\/\/cooperativacercles.org\/wp-content\/uploads\/2022\/01\/VOZES_630.jpg 630w, http:\/\/cooperativacercles.org\/wp-content\/uploads\/2022\/01\/VOZES_630-300x192.jpg 300w\" sizes=\"(max-width: 630px) 100vw, 630px\" \/><\/figure>\n\n\n\n<p class=\"has-text-align-center\"><strong>Projecte d&#8217;educaci\u00f3 medioambiental compartida amb escoles de    Sierra Leona<\/strong><\/p>\n\n\n\n<p><a href=\"https:\/\/www.tacugama.com\/education\/\">TKEEP<\/a><\/p>\n\n\n\n<figure class=\"wp-block-image size-large\"><img loading=\"lazy\" width=\"331\" height=\"428\" src=\"http:\/\/cooperativacercles.org\/wp-content\/uploads\/2022\/01\/tacugama-keeo-report.png\" alt=\"\" class=\"wp-image-600\" srcset=\"http:\/\/cooperativacercles.org\/wp-content\/uploads\/2022\/01\/tacugama-keeo-report.png 331w, http:\/\/cooperativacercles.org\/wp-content\/uploads\/2022\/01\/tacugama-keeo-report-232x300.png 232w\" sizes=\"(max-width: 331px) 100vw, 331px\" \/><\/figure>\n\n\n\n<p><a href=\"https:\/\/documentcloud.adobe.com\/link\/review?uri=urn:aaid:scds:US:d11193d1-c0c6-4375-a641-dbb48b216b9a\">veure m\u00e9s del pro<\/a><a href=\"https:\/\/documentcloud.adobe.com\/link\/review?uri=urn:aaid:scds:US:49bc3a1e-d257-4380-8969-c044bc37f1d7\">jecte<\/a><\/p>\n\n\n\n<p><\/p>\n\n\n\n<p class=\"has-text-align-center\"><strong>Projecte d&#8217;impuls a les vocacions tecnol\u00f2giques especialment per nenes (STEAM)<\/strong><\/p>\n\n\n\n<p><a href=\"https:\/\/www.vexrobotics.com\/\">VEX<\/a><\/p>\n\n\n\n<figure class=\"wp-block-image size-large\"><img loading=\"lazy\" width=\"1024\" height=\"684\" src=\"http:\/\/cooperativacercles.org\/wp-content\/uploads\/2022\/01\/vex-1024x684.jpg\" alt=\"\" class=\"wp-image-601\" srcset=\"http:\/\/cooperativacercles.org\/wp-content\/uploads\/2022\/01\/vex-1024x684.jpg 1024w, http:\/\/cooperativacercles.org\/wp-content\/uploads\/2022\/01\/vex-300x200.jpg 300w, http:\/\/cooperativacercles.org\/wp-content\/uploads\/2022\/01\/vex-768x513.jpg 768w, http:\/\/cooperativacercles.org\/wp-content\/uploads\/2022\/01\/vex-1536x1026.jpg 1536w, http:\/\/cooperativacercles.org\/wp-content\/uploads\/2022\/01\/vex-2048x1368.jpg 2048w\" sizes=\"(max-width: 1024px) 100vw, 1024px\" \/><\/figure>\n\n\n\n<p class=\"has-text-align-center\"><strong>Tallers de descoberta de vocacions<\/strong><\/p>\n\n\n\n<p><a href=\"https:\/\/www.miniversity.com\/\" data-type=\"URL\" data-id=\"https:\/\/www.miniversity.com\/\">MINIVERSITY<\/a><\/p>\n\n\n\n<figure class=\"wp-block-image size-large\"><img loading=\"lazy\" width=\"1024\" height=\"439\" src=\"http:\/\/cooperativacercles.org\/wp-content\/uploads\/2022\/01\/miniversity-1024x439.jpg\" alt=\"\" class=\"wp-image-603\" srcset=\"http:\/\/cooperativacercles.org\/wp-content\/uploads\/2022\/01\/miniversity-1024x439.jpg 1024w, http:\/\/cooperativacercles.org\/wp-content\/uploads\/2022\/01\/miniversity-300x129.jpg 300w, http:\/\/cooperativacercles.org\/wp-content\/uploads\/2022\/01\/miniversity-768x329.jpg 768w, http:\/\/cooperativacercles.org\/wp-content\/uploads\/2022\/01\/miniversity.jpg 1400w\" sizes=\"(max-width: 1024px) 100vw, 1024px\" \/><\/figure>\n\n\n\n<p><\/p>\n","protected":false},"excerpt":{"rendered":"<p>Som a l&#8217;escola amb projectes dirigits a la comunitat educativa per contruir amb el professorat i el pares i mares &hellip; <\/p>\n","protected":false},"author":1,"featured_media":0,"parent":0,"menu_order":0,"comment_status":"closed","ping_status":"closed","template":"","meta":[],"_links":{"self":[{"href":"http:\/\/cooperativacercles.org\/index.php\/wp-json\/wp\/v2\/pages\/482"}],"collection":[{"href":"http:\/\/cooperativacercles.org\/index.php\/wp-json\/wp\/v2\/pages"}],"about":[{"href":"http:\/\/cooperativacercles.org\/index.php\/wp-json\/wp\/v2\/types\/page"}],"author":[{"embeddable":true,"href":"http:\/\/cooperativacercles.org\/index.php\/wp-json\/wp\/v2\/users\/1"}],"replies":[{"embeddable":true,"href":"http:\/\/cooperativacercles.org\/index.php\/wp-json\/wp\/v2\/comments?post=482"}],"version-history":[{"count":10,"href":"http:\/\/cooperativacercles.org\/index.php\/wp-json\/wp\/v2\/pages\/482\/revisions"}],"predecessor-version":[{"id":624,"href":"http:\/\/cooperativacercles.org\/index.php\/wp-json\/wp\/v2\/pages\/482\/revisions\/624"}],"wp:attachment":[{"href":"http:\/\/cooperativacercles.org\/index.php\/wp-json\/wp\/v2\/media?parent=482"}],"curies":[{"name":"wp","href":"https:\/\/api.w.org\/{rel}","templated":true}]}}