{"id":418,"date":"2020-12-12T19:43:23","date_gmt":"2020-12-12T19:43:23","guid":{"rendered":"http:\/\/cooperativacercles.org\/?page_id=418"},"modified":"2022-01-26T05:56:26","modified_gmt":"2022-01-26T05:56:26","slug":"projectes-internacionals","status":"publish","type":"page","link":"http:\/\/cooperativacercles.org\/index.php\/projectes-internacionals","title":{"rendered":"PROJECTES INTERNACIONALS"},"content":{"rendered":"\n<p>Cercles est\u00e0 al costat de les fam\u00edlies per iniciar una&nbsp;experi\u00e8ncia&nbsp;internacional en l&#8217;educaci\u00f3&nbsp;dels&nbsp;seus&nbsp;fills i filles.<\/p>\n\n\n\n<p>Organitzem campaments a Irlanda a la primavera i l&#8217;estiu per joves de sis&nbsp;a&nbsp;dotze&nbsp;anys.<\/p>\n\n\n\n<p>Oferim les estades de m\u00e0xima qualitat per fer estades acad\u00e8miques a&nbsp;3r&nbsp;i&nbsp;4rt&nbsp;d&#8217;ESO. <\/p>\n\n\n\n<p>Igualment, tenim programes de molt inter\u00e9s&nbsp; per realitzar estudis professionals a Anglaterra als 16, 17 i 18 anys.<\/p>\n\n\n\n<p>La internacionalitzaci\u00f3 de Cercles tamb\u00e9 \u00e9s solid\u00e0ria amb projectes a G\u00e0mbia (Berefet) i&nbsp;Sierra&nbsp;Leona&nbsp;(Santuari de&nbsp;Ximpanz\u00e9s&nbsp;de&nbsp;Tacugama)<\/p>\n\n\n\n<p>Organitzem campaments a Irlanda a la primavera i l&#8217;estiu per joves de sis&nbsp;a&nbsp;dotze&nbsp;anys, i oferim les estades de m\u00e0xima qualitat per fer estades acad\u00e8miques a&nbsp;3r&nbsp;i&nbsp;4rt&nbsp;d&#8217;ESO.<\/p>\n\n\n\n<p>Igualment, tenim programes de molt inter\u00e9s&nbsp; per realitzar estudis professionals a Anglaterra als 16, 17 i 18 anys.<\/p>\n\n\n\n<p>La internacionalitzaci\u00f3 de Cercles tamb\u00e9 \u00e9s solid\u00e0ria amb projectes a G\u00e0mbia (Berefet) i&nbsp;Sierra&nbsp;Leona&nbsp;(Santuari de&nbsp;Ximpanz\u00e9s&nbsp;de&nbsp;Tacugama)<\/p>\n\n\n\n<figure class=\"wp-block-image size-large\"><img loading=\"lazy\" width=\"448\" height=\"280\" src=\"http:\/\/cooperativacercles.org\/wp-content\/uploads\/2022\/01\/mullabagh-imatge.jpg\" alt=\"\" class=\"wp-image-653\" srcset=\"http:\/\/cooperativacercles.org\/wp-content\/uploads\/2022\/01\/mullabagh-imatge.jpg 448w, http:\/\/cooperativacercles.org\/wp-content\/uploads\/2022\/01\/mullabagh-imatge-300x188.jpg 300w\" sizes=\"(max-width: 448px) 100vw, 448px\" \/><\/figure>\n\n\n\n<figure class=\"wp-block-image size-large\"><img loading=\"lazy\" width=\"225\" height=\"225\" src=\"http:\/\/cooperativacercles.org\/wp-content\/uploads\/2022\/01\/mirada-oberta.jpg\" alt=\"\" class=\"wp-image-654\" srcset=\"http:\/\/cooperativacercles.org\/wp-content\/uploads\/2022\/01\/mirada-oberta.jpg 225w, http:\/\/cooperativacercles.org\/wp-content\/uploads\/2022\/01\/mirada-oberta-150x150.jpg 150w, http:\/\/cooperativacercles.org\/wp-content\/uploads\/2022\/01\/mirada-oberta-70x70.jpg 70w, http:\/\/cooperativacercles.org\/wp-content\/uploads\/2022\/01\/mirada-oberta-125x125.jpg 125w\" sizes=\"(max-width: 225px) 100vw, 225px\" \/><\/figure>\n\n\n\n<figure class=\"wp-block-image size-large\"><img loading=\"lazy\" width=\"359\" height=\"506\" src=\"http:\/\/cooperativacercles.org\/wp-content\/uploads\/2022\/01\/mirada-oberta-1.png\" alt=\"\" class=\"wp-image-660\" srcset=\"http:\/\/cooperativacercles.org\/wp-content\/uploads\/2022\/01\/mirada-oberta-1.png 359w, http:\/\/cooperativacercles.org\/wp-content\/uploads\/2022\/01\/mirada-oberta-1-213x300.png 213w\" sizes=\"(max-width: 359px) 100vw, 359px\" \/><\/figure>\n\n\n\n<figure class=\"wp-block-image size-large\"><img loading=\"lazy\" width=\"1024\" height=\"683\" src=\"http:\/\/cooperativacercles.org\/wp-content\/uploads\/2022\/01\/Tacugama-Chimpanzee-Sanctuary-Sierra-Leone-Chimpanzee-11-1024x683.jpg\" alt=\"\" class=\"wp-image-656\" srcset=\"http:\/\/cooperativacercles.org\/wp-content\/uploads\/2022\/01\/Tacugama-Chimpanzee-Sanctuary-Sierra-Leone-Chimpanzee-11-1024x683.jpg 1024w, http:\/\/cooperativacercles.org\/wp-content\/uploads\/2022\/01\/Tacugama-Chimpanzee-Sanctuary-Sierra-Leone-Chimpanzee-11-300x200.jpg 300w, http:\/\/cooperativacercles.org\/wp-content\/uploads\/2022\/01\/Tacugama-Chimpanzee-Sanctuary-Sierra-Leone-Chimpanzee-11-768x512.jpg 768w, http:\/\/cooperativacercles.org\/wp-content\/uploads\/2022\/01\/Tacugama-Chimpanzee-Sanctuary-Sierra-Leone-Chimpanzee-11-1536x1024.jpg 1536w, http:\/\/cooperativacercles.org\/wp-content\/uploads\/2022\/01\/Tacugama-Chimpanzee-Sanctuary-Sierra-Leone-Chimpanzee-11-2048x1365.jpg 2048w\" sizes=\"(max-width: 1024px) 100vw, 1024px\" \/><\/figure>\n\n\n\n<figure class=\"wp-block-image\"><img alt=\"\"\/><\/figure>\n","protected":false},"excerpt":{"rendered":"<p>Cercles est\u00e0 al costat de les fam\u00edlies per iniciar una&nbsp;experi\u00e8ncia&nbsp;internacional en l&#8217;educaci\u00f3&nbsp;dels&nbsp;seus&nbsp;fills i filles. Organitzem campaments a Irlanda a la &hellip; <\/p>\n","protected":false},"author":1,"featured_media":0,"parent":0,"menu_order":0,"comment_status":"closed","ping_status":"closed","template":"","meta":[],"_links":{"self":[{"href":"http:\/\/cooperativacercles.org\/index.php\/wp-json\/wp\/v2\/pages\/418"}],"collection":[{"href":"http:\/\/cooperativacercles.org\/index.php\/wp-json\/wp\/v2\/pages"}],"about":[{"href":"http:\/\/cooperativacercles.org\/index.php\/wp-json\/wp\/v2\/types\/page"}],"author":[{"embeddable":true,"href":"http:\/\/cooperativacercles.org\/index.php\/wp-json\/wp\/v2\/users\/1"}],"replies":[{"embeddable":true,"href":"http:\/\/cooperativacercles.org\/index.php\/wp-json\/wp\/v2\/comments?post=418"}],"version-history":[{"count":7,"href":"http:\/\/cooperativacercles.org\/index.php\/wp-json\/wp\/v2\/pages\/418\/revisions"}],"predecessor-version":[{"id":661,"href":"http:\/\/cooperativacercles.org\/index.php\/wp-json\/wp\/v2\/pages\/418\/revisions\/661"}],"wp:attachment":[{"href":"http:\/\/cooperativacercles.org\/index.php\/wp-json\/wp\/v2\/media?parent=418"}],"curies":[{"name":"wp","href":"https:\/\/api.w.org\/{rel}","templated":true}]}}