{"id":31,"date":"2020-12-09T12:45:22","date_gmt":"2020-12-09T12:45:22","guid":{"rendered":"http:\/\/cooperativacercles.org\/?page_id=31"},"modified":"2022-01-25T19:54:43","modified_gmt":"2022-01-25T19:54:43","slug":"qi-gong","status":"publish","type":"page","link":"http:\/\/cooperativacercles.org\/index.php\/qi-gong","title":{"rendered":"QI-GONG &#8211; Cos i ment"},"content":{"rendered":"\n<p>Des dels m\u00e9s petits fins a programes per adults, tenim tallers  per treballar la relaci\u00f3 cos i ment a trav\u00e9s de pr\u00e0ctiques de Ioga i de Qi-gong. Els nostres mestres del Centre Sanchai estan a disposici\u00f3 per construir conjuntament un programa fet a mida. <\/p>\n\n\n\n<figure class=\"wp-block-image size-large\"><img loading=\"lazy\" width=\"576\" height=\"380\" src=\"http:\/\/cooperativacercles.org\/wp-content\/uploads\/2022\/01\/1434608082.jpg\" alt=\"\" class=\"wp-image-618\" srcset=\"http:\/\/cooperativacercles.org\/wp-content\/uploads\/2022\/01\/1434608082.jpg 576w, http:\/\/cooperativacercles.org\/wp-content\/uploads\/2022\/01\/1434608082-300x198.jpg 300w\" sizes=\"(max-width: 576px) 100vw, 576px\" \/><\/figure>\n","protected":false},"excerpt":{"rendered":"<p>Des dels m\u00e9s petits fins a programes per adults, tenim tallers per treballar la relaci\u00f3 cos i ment a trav\u00e9s &hellip; <\/p>\n","protected":false},"author":1,"featured_media":0,"parent":0,"menu_order":0,"comment_status":"closed","ping_status":"closed","template":"","meta":[],"_links":{"self":[{"href":"http:\/\/cooperativacercles.org\/index.php\/wp-json\/wp\/v2\/pages\/31"}],"collection":[{"href":"http:\/\/cooperativacercles.org\/index.php\/wp-json\/wp\/v2\/pages"}],"about":[{"href":"http:\/\/cooperativacercles.org\/index.php\/wp-json\/wp\/v2\/types\/page"}],"author":[{"embeddable":true,"href":"http:\/\/cooperativacercles.org\/index.php\/wp-json\/wp\/v2\/users\/1"}],"replies":[{"embeddable":true,"href":"http:\/\/cooperativacercles.org\/index.php\/wp-json\/wp\/v2\/comments?post=31"}],"version-history":[{"count":4,"href":"http:\/\/cooperativacercles.org\/index.php\/wp-json\/wp\/v2\/pages\/31\/revisions"}],"predecessor-version":[{"id":619,"href":"http:\/\/cooperativacercles.org\/index.php\/wp-json\/wp\/v2\/pages\/31\/revisions\/619"}],"wp:attachment":[{"href":"http:\/\/cooperativacercles.org\/index.php\/wp-json\/wp\/v2\/media?parent=31"}],"curies":[{"name":"wp","href":"https:\/\/api.w.org\/{rel}","templated":true}]}}