{"id":29,"date":"2020-12-09T12:45:00","date_gmt":"2020-12-09T12:45:00","guid":{"rendered":"http:\/\/cooperativacercles.org\/?page_id=29"},"modified":"2022-01-26T06:26:30","modified_gmt":"2022-01-26T06:26:30","slug":"angles","status":"publish","type":"page","link":"http:\/\/cooperativacercles.org\/index.php\/angles","title":{"rendered":"ANGL\u00c8S"},"content":{"rendered":"\n<p>La nostra aportaci\u00f3 a la millora de l&#8217;angl\u00e8s del nostre sistema educatiu es basa en la proposta de GET.<\/p>\n\n\n\n<p>GET (Global English Track)  \u00e9s el nostre soci fundador que vetlla per la millora del nivell d&#8217;angl\u00e8s de l&#8217;escola i la universitat. <\/p>\n\n\n\n<p>La proposta de GET (www.globalenglishtrack.com) \u00e9s col\u00b7laborar amb l&#8217;escola i la universitat per oferir un complement a l&#8217;ensenyament de l&#8217;angl\u00e8s a l&#8217;escola a trav\u00e9s d&#8217;una extraescolar que contempla totes les estapes. Des de P3 a segon de batxillerat, d&#8217;una manera col\u00b7laborativa amb el departament d&#8217;angl\u00e8s de l&#8217;escola, s&#8217;aporta un  equip de professionals amb l&#8217;angl\u00e8s nadiu dirigit per l&#8217;especialista en comunicaci\u00f3 i aprenentage de l&#8217;angl\u00e8s com a segona llengua, el professor Cormac Walsh. <\/p>\n\n\n\n<p>Tamb\u00e9 en l&#8217;etapa universit\u00e0ria, oferim un complement pel perfeccionament de l&#8217;aprenentage dirigit a la millora de la comunicaci\u00f3 especialment en moments de presentacions de tesis doctorals i treballs de final de grau i m\u00e0ster. <\/p>\n\n\n\n<figure class=\"wp-block-image size-large\"><img loading=\"lazy\" width=\"1024\" height=\"798\" src=\"http:\/\/cooperativacercles.org\/wp-content\/uploads\/2022\/01\/get-1-1024x798.png\" alt=\"\" class=\"wp-image-646\" srcset=\"http:\/\/cooperativacercles.org\/wp-content\/uploads\/2022\/01\/get-1-1024x798.png 1024w, http:\/\/cooperativacercles.org\/wp-content\/uploads\/2022\/01\/get-1-300x234.png 300w, http:\/\/cooperativacercles.org\/wp-content\/uploads\/2022\/01\/get-1-768x598.png 768w, http:\/\/cooperativacercles.org\/wp-content\/uploads\/2022\/01\/get-1.png 1434w\" sizes=\"(max-width: 1024px) 100vw, 1024px\" \/><\/figure>\n\n\n\n<figure class=\"wp-block-image size-large\"><img loading=\"lazy\" width=\"1024\" height=\"743\" src=\"http:\/\/cooperativacercles.org\/wp-content\/uploads\/2022\/01\/get-2-1024x743.png\" alt=\"\" class=\"wp-image-647\" srcset=\"http:\/\/cooperativacercles.org\/wp-content\/uploads\/2022\/01\/get-2-1024x743.png 1024w, http:\/\/cooperativacercles.org\/wp-content\/uploads\/2022\/01\/get-2-300x218.png 300w, http:\/\/cooperativacercles.org\/wp-content\/uploads\/2022\/01\/get-2-768x557.png 768w, http:\/\/cooperativacercles.org\/wp-content\/uploads\/2022\/01\/get-2.png 1414w\" sizes=\"(max-width: 1024px) 100vw, 1024px\" \/><\/figure>\n\n\n\n<figure class=\"wp-block-image size-large\"><img loading=\"lazy\" width=\"1024\" height=\"734\" src=\"http:\/\/cooperativacercles.org\/wp-content\/uploads\/2022\/01\/get-3-1024x734.png\" alt=\"\" class=\"wp-image-648\" srcset=\"http:\/\/cooperativacercles.org\/wp-content\/uploads\/2022\/01\/get-3-1024x734.png 1024w, http:\/\/cooperativacercles.org\/wp-content\/uploads\/2022\/01\/get-3-300x215.png 300w, http:\/\/cooperativacercles.org\/wp-content\/uploads\/2022\/01\/get-3-768x551.png 768w, http:\/\/cooperativacercles.org\/wp-content\/uploads\/2022\/01\/get-3.png 1449w\" sizes=\"(max-width: 1024px) 100vw, 1024px\" \/><\/figure>\n\n\n\n<figure class=\"wp-block-image size-large\"><img loading=\"lazy\" width=\"1024\" height=\"682\" src=\"http:\/\/cooperativacercles.org\/wp-content\/uploads\/2022\/01\/get-4-1024x682.png\" alt=\"\" class=\"wp-image-649\" srcset=\"http:\/\/cooperativacercles.org\/wp-content\/uploads\/2022\/01\/get-4-1024x682.png 1024w, http:\/\/cooperativacercles.org\/wp-content\/uploads\/2022\/01\/get-4-300x200.png 300w, http:\/\/cooperativacercles.org\/wp-content\/uploads\/2022\/01\/get-4-768x512.png 768w, http:\/\/cooperativacercles.org\/wp-content\/uploads\/2022\/01\/get-4-1536x1023.png 1536w, http:\/\/cooperativacercles.org\/wp-content\/uploads\/2022\/01\/get-4.png 1605w\" sizes=\"(max-width: 1024px) 100vw, 1024px\" \/><\/figure>\n\n\n\n<figure class=\"wp-block-image size-large\"><img loading=\"lazy\" width=\"1024\" height=\"814\" src=\"http:\/\/cooperativacercles.org\/wp-content\/uploads\/2022\/01\/irlanda-presentacio-1-1024x814.png\" alt=\"\" class=\"wp-image-674\" srcset=\"http:\/\/cooperativacercles.org\/wp-content\/uploads\/2022\/01\/irlanda-presentacio-1-1024x814.png 1024w, http:\/\/cooperativacercles.org\/wp-content\/uploads\/2022\/01\/irlanda-presentacio-1-300x238.png 300w, http:\/\/cooperativacercles.org\/wp-content\/uploads\/2022\/01\/irlanda-presentacio-1-768x610.png 768w, http:\/\/cooperativacercles.org\/wp-content\/uploads\/2022\/01\/irlanda-presentacio-1.png 1414w\" sizes=\"(max-width: 1024px) 100vw, 1024px\" \/><\/figure>\n","protected":false},"excerpt":{"rendered":"<p>La nostra aportaci\u00f3 a la millora de l&#8217;angl\u00e8s del nostre sistema educatiu es basa en la proposta de GET. GET &hellip; <\/p>\n","protected":false},"author":1,"featured_media":0,"parent":0,"menu_order":0,"comment_status":"closed","ping_status":"closed","template":"","meta":[],"_links":{"self":[{"href":"http:\/\/cooperativacercles.org\/index.php\/wp-json\/wp\/v2\/pages\/29"}],"collection":[{"href":"http:\/\/cooperativacercles.org\/index.php\/wp-json\/wp\/v2\/pages"}],"about":[{"href":"http:\/\/cooperativacercles.org\/index.php\/wp-json\/wp\/v2\/types\/page"}],"author":[{"embeddable":true,"href":"http:\/\/cooperativacercles.org\/index.php\/wp-json\/wp\/v2\/users\/1"}],"replies":[{"embeddable":true,"href":"http:\/\/cooperativacercles.org\/index.php\/wp-json\/wp\/v2\/comments?post=29"}],"version-history":[{"count":6,"href":"http:\/\/cooperativacercles.org\/index.php\/wp-json\/wp\/v2\/pages\/29\/revisions"}],"predecessor-version":[{"id":675,"href":"http:\/\/cooperativacercles.org\/index.php\/wp-json\/wp\/v2\/pages\/29\/revisions\/675"}],"wp:attachment":[{"href":"http:\/\/cooperativacercles.org\/index.php\/wp-json\/wp\/v2\/media?parent=29"}],"curies":[{"name":"wp","href":"https:\/\/api.w.org\/{rel}","templated":true}]}}