{"id":13,"date":"2020-12-09T12:42:15","date_gmt":"2020-12-09T12:42:15","guid":{"rendered":"http:\/\/cooperativacercles.org\/?page_id=13"},"modified":"2022-01-16T21:59:52","modified_gmt":"2022-01-16T21:59:52","slug":"qui-som","status":"publish","type":"page","link":"http:\/\/cooperativacercles.org\/index.php\/qui-som","title":{"rendered":"COOPERATIVA CERCLES"},"content":{"rendered":"\n<p>Cooperativa Cercles&nbsp;es va fundar l&#8217;any 2016 per mares i pares  que vam entendre la necessitat de tenir una oferta de qualitat de serveis i iniciatives per millorar la nostra escola. <\/p>\n\n\n\n<p>La cooperativa aplega&nbsp;professionals&nbsp;que &nbsp;posen&nbsp;el seu esfor\u00e7 en una mateixa l\u00ednia per oferir una visi\u00f3 de qualitat a les escoles de forma global, a les mares i pares ajudant-los en tot el que pugem i finalment als joves que s\u00f3n en definitiva el motiu de la nostra exist\u00e8ncia.<\/p>\n\n\n\n<figure class=\"wp-block-image size-large\"><img loading=\"lazy\" width=\"700\" height=\"450\" src=\"http:\/\/cooperativacercles.org\/wp-content\/uploads\/2020\/12\/educar-en-solidaridad-2.jpg\" alt=\"\" class=\"wp-image-456\" srcset=\"http:\/\/cooperativacercles.org\/wp-content\/uploads\/2020\/12\/educar-en-solidaridad-2.jpg 700w, http:\/\/cooperativacercles.org\/wp-content\/uploads\/2020\/12\/educar-en-solidaridad-2-300x193.jpg 300w\" sizes=\"(max-width: 700px) 100vw, 700px\" \/><\/figure>\n","protected":false},"excerpt":{"rendered":"<p>Cooperativa Cercles&nbsp;es va fundar l&#8217;any 2016 per mares i pares que vam entendre la necessitat de tenir una oferta de &hellip; <\/p>\n","protected":false},"author":1,"featured_media":0,"parent":0,"menu_order":0,"comment_status":"closed","ping_status":"closed","template":"","meta":[],"_links":{"self":[{"href":"http:\/\/cooperativacercles.org\/index.php\/wp-json\/wp\/v2\/pages\/13"}],"collection":[{"href":"http:\/\/cooperativacercles.org\/index.php\/wp-json\/wp\/v2\/pages"}],"about":[{"href":"http:\/\/cooperativacercles.org\/index.php\/wp-json\/wp\/v2\/types\/page"}],"author":[{"embeddable":true,"href":"http:\/\/cooperativacercles.org\/index.php\/wp-json\/wp\/v2\/users\/1"}],"replies":[{"embeddable":true,"href":"http:\/\/cooperativacercles.org\/index.php\/wp-json\/wp\/v2\/comments?post=13"}],"version-history":[{"count":7,"href":"http:\/\/cooperativacercles.org\/index.php\/wp-json\/wp\/v2\/pages\/13\/revisions"}],"predecessor-version":[{"id":537,"href":"http:\/\/cooperativacercles.org\/index.php\/wp-json\/wp\/v2\/pages\/13\/revisions\/537"}],"wp:attachment":[{"href":"http:\/\/cooperativacercles.org\/index.php\/wp-json\/wp\/v2\/media?parent=13"}],"curies":[{"name":"wp","href":"https:\/\/api.w.org\/{rel}","templated":true}]}}